{"id":15284,"date":"2014-05-05T11:29:07","date_gmt":"2014-05-05T10:29:07","guid":{"rendered":"http:\/\/demo.qodeinteractive.com\/bridge3\/?page_id=15284"},"modified":"2024-11-07T15:21:18","modified_gmt":"2024-11-07T14:21:18","slug":"le-reseau-ftth","status":"publish","type":"page","link":"https:\/\/www.warndt-fibre.com\/warndtfibre\/le-reseau-ftth\/","title":{"rendered":"Le r\u00e9seau FTTH"},"content":{"rendered":"<p>[vc_row type=\u00a0\u00bbgrid\u00a0\u00bb anchor=\u00a0\u00bbportfolio\u00a0\u00bb background_color=\u00a0\u00bb#ffffff\u00a0\u00bb padding_top=\u00a0\u00bb82&Prime; padding_bottom=\u00a0\u00bb0&Prime;][vc_column][vc_column_text]<\/p>\n<h2 style=\"text-align: center;\">TECHNIQUE DE MISE EN PLACE<\/h2>\n<p>[\/vc_column_text][vc_separator type=\u00a0\u00bbsmall\u00a0\u00bb color=\u00a0\u00bb#818181&Prime; up=\u00a0\u00bb20&Prime; down=\u00a0\u00bb20&Prime;][vc_row_inner][vc_column_inner][vc_column_text]La CCW a choisi de cr\u00e9er un r\u00e9seau enti\u00e8rement r\u00e9alis\u00e9 en fibre optique, construit selon les crit\u00e8res de l\u2019architecture FTTH. (Fiber to the home \u2013 fibre depuis la t\u00eate de r\u00e9seau jusqu\u2019\u00e0 la prise de l\u2019abonn\u00e9).<\/p>\n<p>Outre le caract\u00e8re innovant de ce projet, la technologie mise en \u0153uvre donne acc\u00e8s \u00e0 des d\u00e9bits nettement sup\u00e9rieurs \u00e0 la technologie cuivre, dont l&rsquo;ADSL d\u00e9pend, et qui va disparaitre d&rsquo;ici 2026.<\/p>\n<p>De plus, elle est \u00e0 l\u2019heure actuelle, la seule \u00e0 permettre \u00e0 tous les op\u00e9rateurs de proposer \u00e0 leurs abonn\u00e9s des offres tr\u00e8s haut d\u00e9bit (d\u00e9finition du tr\u00e8s haut d\u00e9bit selon l\u2019ARCEP \u00ab technologie permettant d\u2019offrir un d\u00e9bit minimum de 30 Mbits\/s descendant (down load) \u2026 \u00bb).<\/p>\n<p>Apr\u00e8s avoir sign\u00e9 un contrat avec l\u2019op\u00e9rateur de son choix dans la liste des op\u00e9rateurs r\u00e9pertori\u00e9s par WARNDT-FIBRE, le client final pourra \u00eatre raccord\u00e9 au FTTH. Le raccordement consiste en l\u2019installation d\u2019une prise et d\u2019un modem. (voir sch\u00e9ma)<\/p>\n<p>Cependant, le raccordement ne comprend pas l\u2019installation interne du client.[\/vc_column_text][vc_separator][\/vc_column_inner][\/vc_row_inner][\/vc_column][\/vc_row][vc_row type=\u00a0\u00bbgrid\u00a0\u00bb padding_top=\u00a0\u00bb20&Prime;][vc_column width=\u00a0\u00bb7\/12&Prime;][vc_single_image image=\u00a0\u00bb16616&Prime; img_size=\u00a0\u00bblarge\u00a0\u00bb style=\u00a0\u00bbvc_box_shadow_border\u00a0\u00bb][\/vc_column][vc_column width=\u00a0\u00bb5\/12&Prime;][vc_single_image image=\u00a0\u00bb16617&Prime; img_size=\u00a0\u00bblarge\u00a0\u00bb alignment=\u00a0\u00bbright\u00a0\u00bb style=\u00a0\u00bbvc_box_shadow_border\u00a0\u00bb][\/vc_column][\/vc_row][vc_row type=\u00a0\u00bbgrid\u00a0\u00bb anchor=\u00a0\u00bbportfolio\u00a0\u00bb background_color=\u00a0\u00bb#f8f8f8&Prime; border_color=\u00a0\u00bb#eeeeee\u00a0\u00bb padding_top=\u00a0\u00bb45&Prime; padding_bottom=\u00a0\u00bb0&Prime;][vc_column][vc_column_text]<\/p>\n<h2 style=\"text-align: center;\">LES AVANTAGES<\/h2>\n<p>[\/vc_column_text][vc_separator type=\u00a0\u00bbsmall\u00a0\u00bb color=\u00a0\u00bb#818181&Prime; up=\u00a0\u00bb20&Prime; down=\u00a0\u00bb20&Prime;][vc_column_text]Les avantages d\u2019un r\u00e9seau FTTH sont multiples :[\/vc_column_text][vc_row_inner padding_top=\u00a0\u00bb20&Prime;][vc_column_inner width=\u00a0\u00bb1\/4&Prime;]<div class=\"image_with_text\"><img src=\"https:\/\/www.warndt-fibre.com\/warndtfibre\/wp-content\/uploads\/2024\/11\/multidevice.jpg\" alt=\"Je connecte tous mes appareils\" \/><h3 >Je connecte tous mes appareils<\/h3><span style=\"margin: 6px 0px;\" class=\"separator transparent\"><\/span>en Wifi : t\u00e9l\u00e9phones, PC, tablettes, objets connect\u00e9s\u2026<\/div>[vc_separator type=\u00a0\u00bbtransparent\u00a0\u00bb up=\u00a0\u00bb36&Prime; down=\u00a0\u00bb0&Prime;][\/vc_column_inner][vc_column_inner width=\u00a0\u00bb1\/4&Prime;]<div class=\"image_with_text\"><img src=\"https:\/\/www.warndt-fibre.com\/warndtfibre\/wp-content\/uploads\/2015\/03\/Fotolia_65304228_courte.jpg\" alt=\"Rapide et fiable\" \/><h3 >Rapide et fiable<\/h3><span style=\"margin: 6px 0px;\" class=\"separator transparent\"><\/span>Naviguez sur internet de mani\u00e8re fluide, rapide et fiable, et t\u00e9l\u00e9chargez instantan\u00e9ment vos fichiers lourds.<\/div>[vc_separator type=\u00a0\u00bbtransparent\u00a0\u00bb up=\u00a0\u00bb36&Prime; down=\u00a0\u00bb0&Prime;][\/vc_column_inner][vc_column_inner width=\u00a0\u00bb1\/4&Prime;]<div class=\"image_with_text\"><img src=\"https:\/\/www.warndt-fibre.com\/warndtfibre\/wp-content\/uploads\/2015\/03\/la-fibre-a-creutzwald.jpg\" alt=\"La fibre optique\" \/><h3 >La fibre optique<\/h3><span style=\"margin: 6px 0px;\" class=\"separator transparent\"><\/span>Le r\u00e9seau en fibre optique est insensible aux perturbations<br \/>\n\u00e9lectromagn\u00e9tiques.<\/div>[vc_separator type=\u00a0\u00bbtransparent\u00a0\u00bb up=\u00a0\u00bb36&Prime; down=\u00a0\u00bb0&Prime;][\/vc_column_inner][vc_column_inner width=\u00a0\u00bb1\/4&Prime;]<div class=\"image_with_text\"><img src=\"https:\/\/www.warndt-fibre.com\/warndtfibre\/wp-content\/uploads\/2015\/03\/fibre-fleur-net.jpg\" alt=\"Durable\" \/><h3 >Durable<\/h3><span style=\"margin: 6px 0px;\" class=\"separator transparent\"><\/span>Le r\u00e9seau est construit pour 50 ans.<\/div>[vc_separator type=\u00a0\u00bbtransparent\u00a0\u00bb up=\u00a0\u00bb36&Prime; down=\u00a0\u00bb0&Prime;][\/vc_column_inner][\/vc_row_inner][\/vc_column][vc_column][\/vc_column][\/vc_row][vc_row type=\u00a0\u00bbgrid\u00a0\u00bb background_color=\u00a0\u00bb#ffffff\u00a0\u00bb padding_top=\u00a0\u00bb87&Prime; padding_bottom=\u00a0\u00bb81&Prime;][vc_column][\/vc_column][\/vc_row]<\/p>\n","protected":false},"excerpt":{"rendered":"<p>[vc_row type=\u00a0\u00bbgrid\u00a0\u00bb anchor=\u00a0\u00bbportfolio\u00a0\u00bb background_color=\u00a0\u00bb#ffffff\u00a0\u00bb padding_top=\u00a0\u00bb82&Prime; padding_bottom=\u00a0\u00bb0&Prime;][vc_column][vc_column_text] TECHNIQUE DE MISE EN PLACE [\/vc_column_text][vc_separator type=\u00a0\u00bbsmall\u00a0\u00bb color=\u00a0\u00bb#818181&Prime; up=\u00a0\u00bb20&Prime; down=\u00a0\u00bb20&Prime;][vc_row_inner][vc_column_inner][vc_column_text]La CCW a choisi de cr\u00e9er un r\u00e9seau enti\u00e8rement r\u00e9alis\u00e9 en fibre optique, construit selon les crit\u00e8res de l\u2019architecture FTTH. (Fiber to the home \u2013 fibre depuis la t\u00eate de&#8230;<\/p>\n","protected":false},"author":1,"featured_media":0,"parent":0,"menu_order":0,"comment_status":"open","ping_status":"closed","template":"full_width.php","meta":[],"_links":{"self":[{"href":"https:\/\/www.warndt-fibre.com\/warndtfibre\/wp-json\/wp\/v2\/pages\/15284"}],"collection":[{"href":"https:\/\/www.warndt-fibre.com\/warndtfibre\/wp-json\/wp\/v2\/pages"}],"about":[{"href":"https:\/\/www.warndt-fibre.com\/warndtfibre\/wp-json\/wp\/v2\/types\/page"}],"author":[{"embeddable":true,"href":"https:\/\/www.warndt-fibre.com\/warndtfibre\/wp-json\/wp\/v2\/users\/1"}],"replies":[{"embeddable":true,"href":"https:\/\/www.warndt-fibre.com\/warndtfibre\/wp-json\/wp\/v2\/comments?post=15284"}],"version-history":[{"count":53,"href":"https:\/\/www.warndt-fibre.com\/warndtfibre\/wp-json\/wp\/v2\/pages\/15284\/revisions"}],"predecessor-version":[{"id":17052,"href":"https:\/\/www.warndt-fibre.com\/warndtfibre\/wp-json\/wp\/v2\/pages\/15284\/revisions\/17052"}],"wp:attachment":[{"href":"https:\/\/www.warndt-fibre.com\/warndtfibre\/wp-json\/wp\/v2\/media?parent=15284"}],"curies":[{"name":"wp","href":"https:\/\/api.w.org\/{rel}","templated":true}]}}